{"id":2483,"date":"2025-10-21T20:48:07","date_gmt":"2025-10-21T18:48:07","guid":{"rendered":"https:\/\/best.gdansk.pl\/itpWP\/?page_id=2483"},"modified":"2026-03-05T08:07:08","modified_gmt":"2026-03-05T07:07:08","slug":"forstudents","status":"publish","type":"page","link":"https:\/\/best.gdansk.pl\/itp\/en\/","title":{"rendered":"For Students"},"content":{"rendered":"<div data-elementor-type=\"page\" data-elementor-id=\"2483\" class=\"elementor elementor-2483\">\n\t\t\t\t<div class=\"elementor-element elementor-element-92e71b9 e-flex e-con-boxed e-con e-parent\" data-id=\"92e71b9\" data-element_type=\"container\" data-settings=\"{&quot;background_background&quot;:&quot;classic&quot;}\">\n\t\t\t\t\t<div class=\"e-con-inner\">\n\t\t<div class=\"elementor-element elementor-element-3b6c8b3 e-con-full e-flex e-con e-child\" data-id=\"3b6c8b3\" data-element_type=\"container\">\n\t\t<div class=\"elementor-element elementor-element-623e2dd1 e-con-full e-flex e-con e-child\" data-id=\"623e2dd1\" data-element_type=\"container\">\n\t\t\t\t<div class=\"elementor-element elementor-element-5b4448d5 elementor-widget__width-initial elementor-widget elementor-widget-heading\" data-id=\"5b4448d5\" data-element_type=\"widget\" data-widget_type=\"heading.default\">\n\t\t\t\t<div class=\"elementor-widget-container\">\n\t\t\t\t\t<div class=\"elementor-heading-title elementor-size-default\"><span style=\"color: #FFFFFF\">For <\/span><span style=\"color: #F97306\">Students<\/span><\/div>\t\t\t\t<\/div>\n\t\t\t\t<\/div>\n\t\t\t\t<div class=\"elementor-element elementor-element-f632eb3 elementor-widget elementor-widget-heading\" data-id=\"f632eb3\" data-element_type=\"widget\" data-widget_type=\"heading.default\">\n\t\t\t\t<div class=\"elementor-widget-container\">\n\t\t\t\t\t<span class=\"elementor-heading-title elementor-size-default\">Everything you need to know to get the most out of the Engineering Job Fair.<\/span>\t\t\t\t<\/div>\n\t\t\t\t<\/div>\n\t\t\t\t<\/div>\n\t\t\t\t<\/div>\n\t\t<div class=\"elementor-element elementor-element-5dcefa9 e-con-full e-flex e-con e-child\" data-id=\"5dcefa9\" data-element_type=\"container\">\n\t\t\t\t<div class=\"elementor-element elementor-element-5fba766d elementor-widget__width-initial elementor-widget elementor-widget-heading\" data-id=\"5fba766d\" data-element_type=\"widget\" data-widget_type=\"heading.default\">\n\t\t\t\t<div class=\"elementor-widget-container\">\n\t\t\t\t\t<div class=\"elementor-heading-title elementor-size-default\">The Engineering Job Fair<\/div>\t\t\t\t<\/div>\n\t\t\t\t<\/div>\n\t\t<div class=\"elementor-element elementor-element-a1477b6 e-con-full e-flex e-con e-child\" data-id=\"a1477b6\" data-element_type=\"container\">\n\t\t<div class=\"elementor-element elementor-element-605f58fe e-con-full e-flex e-con e-child\" data-id=\"605f58fe\" data-element_type=\"container\">\n\t\t\t\t<div class=\"elementor-element elementor-element-beae1ca elementor-widget elementor-widget-heading\" data-id=\"beae1ca\" data-element_type=\"widget\" data-widget_type=\"heading.default\">\n\t\t\t\t<div class=\"elementor-widget-container\">\n\t\t\t\t\t<span class=\"elementor-heading-title elementor-size-default\">The Engineering Job Fair is an event that attracts students and graduates of technical universities every year who are looking for a job or internship in the engineering industry. The fair is an excellent opportunity to make direct contact with potential employers, learn about job and internship offers, and participate in workshops and company presentations.<\/span>\t\t\t\t<\/div>\n\t\t\t\t<\/div>\n\t\t\t\t<div class=\"elementor-element elementor-element-40bd04c elementor-widget elementor-widget-heading\" data-id=\"40bd04c\" data-element_type=\"widget\" data-widget_type=\"heading.default\">\n\t\t\t\t<div class=\"elementor-widget-container\">\n\t\t\t\t\t<span class=\"elementor-heading-title elementor-size-default\">During the Engineering Job Fair, students have the opportunity to showcase their skills and experience, as well as gain valuable contacts in the industry. The event also provides a platform for students and company representatives to exchange experiences, which can be crucial in planning their future careers.<\/span>\t\t\t\t<\/div>\n\t\t\t\t<\/div>\n\t\t\t\t<\/div>\n\t\t\t\t<div class=\"elementor-element elementor-element-a1a3d6e elementor-widget elementor-widget-image\" data-id=\"a1a3d6e\" data-element_type=\"widget\" data-widget_type=\"image.default\">\n\t\t\t\t<div class=\"elementor-widget-container\">\n\t\t\t\t\t\t\t\t\t\t\t\t\t\t\t<img fetchpriority=\"high\" decoding=\"async\" width=\"548\" height=\"455\" src=\"https:\/\/best.gdansk.pl\/itp\/wp-content\/uploads\/Gemini_Generated_Image_nugaelnugaelnuga-removebg-preview.png\" class=\"attachment-large size-large wp-image-3427\" alt=\"\" srcset=\"https:\/\/best.gdansk.pl\/itp\/wp-content\/uploads\/Gemini_Generated_Image_nugaelnugaelnuga-removebg-preview.png 548w, https:\/\/best.gdansk.pl\/itp\/wp-content\/uploads\/Gemini_Generated_Image_nugaelnugaelnuga-removebg-preview-150x125.png 150w, https:\/\/best.gdansk.pl\/itp\/wp-content\/uploads\/Gemini_Generated_Image_nugaelnugaelnuga-removebg-preview-14x12.png 14w\" sizes=\"(max-width: 548px) 100vw, 548px\" \/>\t\t\t\t\t\t\t\t\t\t\t\t\t\t\t<\/div>\n\t\t\t\t<\/div>\n\t\t\t\t<\/div>\n\t\t\t\t<\/div>\n\t\t<div class=\"elementor-element elementor-element-bf3aac4 e-con-full e-flex e-con e-child\" data-id=\"bf3aac4\" data-element_type=\"container\">\n\t\t<div class=\"elementor-element elementor-element-1a4d821 e-con-full e-flex e-con e-child\" data-id=\"1a4d821\" data-element_type=\"container\" data-settings=\"{&quot;background_background&quot;:&quot;classic&quot;}\">\n\t\t<div class=\"elementor-element elementor-element-488d8f63 e-con-full e-flex e-con e-child\" data-id=\"488d8f63\" data-element_type=\"container\">\n\t\t\t\t<div class=\"elementor-element elementor-element-396e771a elementor-widget elementor-widget-image\" data-id=\"396e771a\" data-element_type=\"widget\" data-widget_type=\"image.default\">\n\t\t\t\t<div class=\"elementor-widget-container\">\n\t\t\t\t\t\t\t\t\t\t\t\t\t\t\t<img decoding=\"async\" width=\"25\" height=\"28\" src=\"https:\/\/best.gdansk.pl\/itp\/wp-content\/uploads\/Icon.png\" class=\"attachment-full size-full wp-image-2847\" alt=\"\" srcset=\"https:\/\/best.gdansk.pl\/itp\/wp-content\/uploads\/Icon.png 25w, https:\/\/best.gdansk.pl\/itp\/wp-content\/uploads\/Icon-11x12.png 11w\" sizes=\"(max-width: 25px) 100vw, 25px\" \/>\t\t\t\t\t\t\t\t\t\t\t\t\t\t\t<\/div>\n\t\t\t\t<\/div>\n\t\t\t\t<div class=\"elementor-element elementor-element-57550fc9 elementor-widget__width-initial elementor-widget elementor-widget-heading\" data-id=\"57550fc9\" data-element_type=\"widget\" data-widget_type=\"heading.default\">\n\t\t\t\t<div class=\"elementor-widget-container\">\n\t\t\t\t\t<div class=\"elementor-heading-title elementor-size-default\">Date and Place<\/div>\t\t\t\t<\/div>\n\t\t\t\t<\/div>\n\t\t\t\t<\/div>\n\t\t\t\t<div class=\"elementor-element elementor-element-76d9cd2 elementor-widget elementor-widget-heading\" data-id=\"76d9cd2\" data-element_type=\"widget\" data-widget_type=\"heading.default\">\n\t\t\t\t<div class=\"elementor-widget-container\">\n\t\t\t\t\t<span class=\"elementor-heading-title elementor-size-default\"><b>4-5 March 2026<\/b><br>\n\n<a href=\"https:\/\/maps.app.goo.gl\/gXyN3rLn915rnfyQ7\" target=\"_blank\">\nDziedzi\u0144ce Gmachu G\u0142\u00f3wnego Politechniki Gda\u0144ska,<br>\nGabriela Narutowicza 11\/12, 80-222 Gda\u0144sk<\/a><\/span>\t\t\t\t<\/div>\n\t\t\t\t<\/div>\n\t\t\t\t<\/div>\n\t\t\t\t<\/div>\n\t\t<div class=\"elementor-element elementor-element-91e5ce8 e-con-full e-flex e-con e-child\" data-id=\"91e5ce8\" data-element_type=\"container\">\n\t\t<div class=\"elementor-element elementor-element-235b44d7 e-con-full e-flex e-con e-child\" data-id=\"235b44d7\" data-element_type=\"container\">\n\t\t\t\t<div class=\"elementor-element elementor-element-39fc5dfc elementor-widget__width-initial elementor-widget elementor-widget-text-editor\" data-id=\"39fc5dfc\" data-element_type=\"widget\" data-widget_type=\"text-editor.default\">\n\t\t\t\t<div class=\"elementor-widget-container\">\n\t\t\t\t\t\t\t\t\t<p>What are the Engineering Job Fair?<\/p>\t\t\t\t\t\t\t\t<\/div>\n\t\t\t\t<\/div>\n\t\t<div class=\"elementor-element elementor-element-32e0d522 e-con-full e-flex e-con e-child\" data-id=\"32e0d522\" data-element_type=\"container\">\n\t\t\t\t<div class=\"elementor-element elementor-element-e9d2f24 elementor-widget__width-initial elementor-widget elementor-widget-heading\" data-id=\"e9d2f24\" data-element_type=\"widget\" data-widget_type=\"heading.default\">\n\t\t\t\t<div class=\"elementor-widget-container\">\n\t\t\t\t\t<span class=\"elementor-heading-title elementor-size-default\">The Engineering Job Fair is an annual event aimed at students and graduates of technical universities, providing an excellent opportunity to establish contacts with potential employers in the engineering industry. <br>During the fair, students have the opportunity to learn about job and internship offers, participate in workshops and company presentations, and talk directly with recruiters.\n<\/span>\t\t\t\t<\/div>\n\t\t\t\t<\/div>\n\t\t\t\t<div class=\"elementor-element elementor-element-37b415e1 elementor-widget elementor-widget-image\" data-id=\"37b415e1\" data-element_type=\"widget\" data-widget_type=\"image.default\">\n\t\t\t\t<div class=\"elementor-widget-container\">\n\t\t\t\t\t\t\t\t\t\t\t\t\t\t\t<img decoding=\"async\" width=\"2048\" height=\"1367\" src=\"https:\/\/best.gdansk.pl\/itp\/wp-content\/uploads\/STE3051-1.jpg\" class=\"attachment-full size-full wp-image-2946\" alt=\"\" srcset=\"https:\/\/best.gdansk.pl\/itp\/wp-content\/uploads\/STE3051-1.jpg 2048w, https:\/\/best.gdansk.pl\/itp\/wp-content\/uploads\/STE3051-1-150x100.jpg 150w, https:\/\/best.gdansk.pl\/itp\/wp-content\/uploads\/STE3051-1-768x513.jpg 768w, https:\/\/best.gdansk.pl\/itp\/wp-content\/uploads\/STE3051-1-1536x1025.jpg 1536w, https:\/\/best.gdansk.pl\/itp\/wp-content\/uploads\/STE3051-1-18x12.jpg 18w, https:\/\/best.gdansk.pl\/itp\/wp-content\/uploads\/STE3051-1-272x182.jpg 272w\" sizes=\"(max-width: 2048px) 100vw, 2048px\" \/>\t\t\t\t\t\t\t\t\t\t\t\t\t\t\t<\/div>\n\t\t\t\t<\/div>\n\t\t\t\t<\/div>\n\t\t\t\t<div class=\"elementor-element elementor-element-bfee969 elementor-widget__width-inherit elementor-widget elementor-widget-heading\" data-id=\"bfee969\" data-element_type=\"widget\" data-widget_type=\"heading.default\">\n\t\t\t\t<div class=\"elementor-widget-container\">\n\t\t\t\t\t<h2 class=\"elementor-heading-title elementor-size-default\"><br><br>Mo\u017cliwo\u015b\u0107 sprawdzenia CV<br><\/h2>\t\t\t\t<\/div>\n\t\t\t\t<\/div>\n\t\t\t\t<div class=\"elementor-element elementor-element-7240a2f elementor-widget__width-inherit elementor-widget elementor-widget-heading\" data-id=\"7240a2f\" data-element_type=\"widget\" data-widget_type=\"heading.default\">\n\t\t\t\t<div class=\"elementor-widget-container\">\n\t\t\t\t\t<span class=\"elementor-heading-title elementor-size-default\">W obydwa dni targ\u00f3w b\u0119d\u0105 mieli Pa\u0144stwo mo\u017cliwo\u015b\u0107 skorzystania z <b>konsultacji<\/b> dot. procesu rekrutacji do pracy i <b>CV<\/b>.\n<br \/><br \/>\n\nWe <b>\u015brod\u0119<\/b>, w godzinach:\n<b>10:00-12:00<\/b><br \/>\noraz we <b>czwartek<\/b>, w godzinach:\n<b>10:00-14:00<\/b><br \/><br \/>\nKonsultacje poprowadz\u0105 dla Pa\u0144stwa:<br \/>\n- mgr Agnieszka Klawikowska z Biura Karier i Absolwent\u00f3w Politechniki Gda\u0144skiej<br \/>\n- Pani Agnieszka Zborowska, <b>(10-12 we czwartek)<\/b> mened\u017cerka projektu z Integralia, fundacji grupy Ergo Hestia\n<br \/>\n- Pani Aleksandra \u017babicka <b>(12:30-14:30 we czwartek)<\/b> z Dawstwa Szpiku<\/span>\t\t\t\t<\/div>\n\t\t\t\t<\/div>\n\t\t\t\t<\/div>\n\t\t\t\t<\/div>\n\t\t\t\t\t<\/div>\n\t\t\t\t<\/div>\n\t\t\t\t<\/div>","protected":false},"excerpt":{"rendered":"<p>Dla Student\u00f3w Wszystko, co musisz wiedzie\u0107, aby w pe\u0142ni wykorzysta\u0107 In\u017cynierskie Targi Pracy. In\u017cynierskie Targi Pracy In\u017cynierskie Targi Pracy to wydarzenie, kt\u00f3re co roku przyci\u0105ga student\u00f3w i absolwent\u00f3w uczelni technicznych, poszukuj\u0105cych pracy lub sta\u017cu w bran\u017cy in\u017cynierskiej. Targi s\u0105 doskona\u0142\u0105 okazj\u0105 do bezpo\u015bredniego kontaktu z potencjalnymi pracodawcami, poznania ofert pracy i sta\u017cy, a tak\u017ce uczestnictwa [&hellip;]<\/p>","protected":false},"author":1,"featured_media":0,"parent":0,"menu_order":0,"comment_status":"closed","ping_status":"closed","template":"","meta":{"_glsr_average":0,"_glsr_ranking":0,"_glsr_reviews":0,"footnotes":""},"class_list":["post-2483","page","type-page","status-publish","hentry"],"blocksy_meta":[],"yoast_head":"<!-- This site is optimized with the Yoast SEO plugin v26.1.1 - https:\/\/yoast.com\/wordpress\/plugins\/seo\/ -->\n<title>For Students - In\u017cynierskie Targi Pracy 2026<\/title>\n<meta name=\"robots\" content=\"index, follow, max-snippet:-1, max-image-preview:large, max-video-preview:-1\" \/>\n<link rel=\"canonical\" href=\"https:\/\/best.gdansk.pl\/itp\/en\/\" \/>\n<meta property=\"og:locale\" content=\"en_GB\" \/>\n<meta property=\"og:type\" content=\"article\" \/>\n<meta property=\"og:title\" content=\"For Students - In\u017cynierskie Targi Pracy 2026\" \/>\n<meta property=\"og:description\" content=\"Dla Student\u00f3w Wszystko, co musisz wiedzie\u0107, aby w pe\u0142ni wykorzysta\u0107 In\u017cynierskie Targi Pracy. In\u017cynierskie Targi Pracy In\u017cynierskie Targi Pracy to wydarzenie, kt\u00f3re co roku przyci\u0105ga student\u00f3w i absolwent\u00f3w uczelni technicznych, poszukuj\u0105cych pracy lub sta\u017cu w bran\u017cy in\u017cynierskiej. Targi s\u0105 doskona\u0142\u0105 okazj\u0105 do bezpo\u015bredniego kontaktu z potencjalnymi pracodawcami, poznania ofert pracy i sta\u017cy, a tak\u017ce uczestnictwa [&hellip;]\" \/>\n<meta property=\"og:url\" content=\"https:\/\/best.gdansk.pl\/itp\/en\/\" \/>\n<meta property=\"og:site_name\" content=\"In\u017cynierskie Targi Pracy 2026\" \/>\n<meta property=\"article:publisher\" content=\"https:\/\/www.facebook.com\/BESTGdansk\" \/>\n<meta property=\"article:modified_time\" content=\"2026-03-05T07:07:08+00:00\" \/>\n<meta property=\"og:image\" content=\"https:\/\/best.gdansk.pl\/itp\/wp-content\/uploads\/Gemini_Generated_Image_nugaelnugaelnuga-removebg-preview.png\" \/>\n\t<meta property=\"og:image:width\" content=\"548\" \/>\n\t<meta property=\"og:image:height\" content=\"455\" \/>\n\t<meta property=\"og:image:type\" content=\"image\/png\" \/>\n<meta name=\"twitter:card\" content=\"summary_large_image\" \/>\n<script type=\"application\/ld+json\" class=\"yoast-schema-graph\">{\"@context\":\"https:\/\/schema.org\",\"@graph\":[{\"@type\":\"WebPage\",\"@id\":\"https:\/\/best.gdansk.pl\/itp\/\",\"url\":\"https:\/\/best.gdansk.pl\/itp\/\",\"name\":\"For Students - In\u017cynierskie Targi Pracy 2026\",\"isPartOf\":{\"@id\":\"https:\/\/best.gdansk.pl\/itp\/#website\"},\"primaryImageOfPage\":{\"@id\":\"https:\/\/best.gdansk.pl\/itp\/#primaryimage\"},\"image\":{\"@id\":\"https:\/\/best.gdansk.pl\/itp\/#primaryimage\"},\"thumbnailUrl\":\"https:\/\/best.gdansk.pl\/itp\/wp-content\/uploads\/Gemini_Generated_Image_nugaelnugaelnuga-removebg-preview.png\",\"datePublished\":\"2025-10-21T18:48:07+00:00\",\"dateModified\":\"2026-03-05T07:07:08+00:00\",\"breadcrumb\":{\"@id\":\"https:\/\/best.gdansk.pl\/itp\/#breadcrumb\"},\"inLanguage\":\"en-GB\",\"potentialAction\":[{\"@type\":\"ReadAction\",\"target\":[\"https:\/\/best.gdansk.pl\/itp\/\"]}]},{\"@type\":\"ImageObject\",\"inLanguage\":\"en-GB\",\"@id\":\"https:\/\/best.gdansk.pl\/itp\/#primaryimage\",\"url\":\"https:\/\/best.gdansk.pl\/itp\/wp-content\/uploads\/Gemini_Generated_Image_nugaelnugaelnuga-removebg-preview.png\",\"contentUrl\":\"https:\/\/best.gdansk.pl\/itp\/wp-content\/uploads\/Gemini_Generated_Image_nugaelnugaelnuga-removebg-preview.png\"},{\"@type\":\"BreadcrumbList\",\"@id\":\"https:\/\/best.gdansk.pl\/itp\/#breadcrumb\",\"itemListElement\":[{\"@type\":\"ListItem\",\"position\":1,\"name\":\"Strona g\u0142\u00f3wna\",\"item\":\"https:\/\/best.gdansk.pl\/itp\/\"},{\"@type\":\"ListItem\",\"position\":2,\"name\":\"For Students\"}]},{\"@type\":\"WebSite\",\"@id\":\"https:\/\/best.gdansk.pl\/itp\/#website\",\"url\":\"https:\/\/best.gdansk.pl\/itp\/\",\"name\":\"In\u017cynierskie Targi Pracy 2026\",\"description\":\"\",\"publisher\":{\"@id\":\"https:\/\/best.gdansk.pl\/itp\/#organization\"},\"potentialAction\":[{\"@type\":\"SearchAction\",\"target\":{\"@type\":\"EntryPoint\",\"urlTemplate\":\"https:\/\/best.gdansk.pl\/itp\/?s={search_term_string}\"},\"query-input\":{\"@type\":\"PropertyValueSpecification\",\"valueRequired\":true,\"valueName\":\"search_term_string\"}}],\"inLanguage\":\"en-GB\"},{\"@type\":\"Organization\",\"@id\":\"https:\/\/best.gdansk.pl\/itp\/#organization\",\"name\":\"Stowarzyszenie Student\u00f3w BEST Gda\u0144sk\",\"url\":\"https:\/\/best.gdansk.pl\/itp\/\",\"logo\":{\"@type\":\"ImageObject\",\"inLanguage\":\"en-GB\",\"@id\":\"https:\/\/best.gdansk.pl\/itp\/#\/schema\/logo\/image\/\",\"url\":\"https:\/\/best.gdansk.pl\/itp\/wp-content\/uploads\/itp_logo_small.png\",\"contentUrl\":\"https:\/\/best.gdansk.pl\/itp\/wp-content\/uploads\/itp_logo_small.png\",\"width\":903,\"height\":316,\"caption\":\"Stowarzyszenie Student\u00f3w BEST Gda\u0144sk\"},\"image\":{\"@id\":\"https:\/\/best.gdansk.pl\/itp\/#\/schema\/logo\/image\/\"},\"sameAs\":[\"https:\/\/www.facebook.com\/BESTGdansk\",\"https:\/\/www.instagram.com\/bestgdansk\/\",\"https:\/\/www.linkedin.com\/showcase\/in\u017cynierskietargipracy\"]}]}<\/script>\n<!-- \/ Yoast SEO plugin. -->","yoast_head_json":{"title":"For Students - In\u017cynierskie Targi Pracy 2026","robots":{"index":"index","follow":"follow","max-snippet":"max-snippet:-1","max-image-preview":"max-image-preview:large","max-video-preview":"max-video-preview:-1"},"canonical":"https:\/\/best.gdansk.pl\/itp\/en\/","og_locale":"en_GB","og_type":"article","og_title":"For Students - In\u017cynierskie Targi Pracy 2026","og_description":"Dla Student\u00f3w Wszystko, co musisz wiedzie\u0107, aby w pe\u0142ni wykorzysta\u0107 In\u017cynierskie Targi Pracy. In\u017cynierskie Targi Pracy In\u017cynierskie Targi Pracy to wydarzenie, kt\u00f3re co roku przyci\u0105ga student\u00f3w i absolwent\u00f3w uczelni technicznych, poszukuj\u0105cych pracy lub sta\u017cu w bran\u017cy in\u017cynierskiej. Targi s\u0105 doskona\u0142\u0105 okazj\u0105 do bezpo\u015bredniego kontaktu z potencjalnymi pracodawcami, poznania ofert pracy i sta\u017cy, a tak\u017ce uczestnictwa [&hellip;]","og_url":"https:\/\/best.gdansk.pl\/itp\/en\/","og_site_name":"In\u017cynierskie Targi Pracy 2026","article_publisher":"https:\/\/www.facebook.com\/BESTGdansk","article_modified_time":"2026-03-05T07:07:08+00:00","og_image":[{"width":548,"height":455,"url":"https:\/\/best.gdansk.pl\/itp\/wp-content\/uploads\/Gemini_Generated_Image_nugaelnugaelnuga-removebg-preview.png","type":"image\/png"}],"twitter_card":"summary_large_image","schema":{"@context":"https:\/\/schema.org","@graph":[{"@type":"WebPage","@id":"https:\/\/best.gdansk.pl\/itp\/","url":"https:\/\/best.gdansk.pl\/itp\/","name":"For Students - In\u017cynierskie Targi Pracy 2026","isPartOf":{"@id":"https:\/\/best.gdansk.pl\/itp\/#website"},"primaryImageOfPage":{"@id":"https:\/\/best.gdansk.pl\/itp\/#primaryimage"},"image":{"@id":"https:\/\/best.gdansk.pl\/itp\/#primaryimage"},"thumbnailUrl":"https:\/\/best.gdansk.pl\/itp\/wp-content\/uploads\/Gemini_Generated_Image_nugaelnugaelnuga-removebg-preview.png","datePublished":"2025-10-21T18:48:07+00:00","dateModified":"2026-03-05T07:07:08+00:00","breadcrumb":{"@id":"https:\/\/best.gdansk.pl\/itp\/#breadcrumb"},"inLanguage":"en-GB","potentialAction":[{"@type":"ReadAction","target":["https:\/\/best.gdansk.pl\/itp\/"]}]},{"@type":"ImageObject","inLanguage":"en-GB","@id":"https:\/\/best.gdansk.pl\/itp\/#primaryimage","url":"https:\/\/best.gdansk.pl\/itp\/wp-content\/uploads\/Gemini_Generated_Image_nugaelnugaelnuga-removebg-preview.png","contentUrl":"https:\/\/best.gdansk.pl\/itp\/wp-content\/uploads\/Gemini_Generated_Image_nugaelnugaelnuga-removebg-preview.png"},{"@type":"BreadcrumbList","@id":"https:\/\/best.gdansk.pl\/itp\/#breadcrumb","itemListElement":[{"@type":"ListItem","position":1,"name":"Strona g\u0142\u00f3wna","item":"https:\/\/best.gdansk.pl\/itp\/"},{"@type":"ListItem","position":2,"name":"For Students"}]},{"@type":"WebSite","@id":"https:\/\/best.gdansk.pl\/itp\/#website","url":"https:\/\/best.gdansk.pl\/itp\/","name":"In\u017cynierskie Targi Pracy 2026","description":"","publisher":{"@id":"https:\/\/best.gdansk.pl\/itp\/#organization"},"potentialAction":[{"@type":"SearchAction","target":{"@type":"EntryPoint","urlTemplate":"https:\/\/best.gdansk.pl\/itp\/?s={search_term_string}"},"query-input":{"@type":"PropertyValueSpecification","valueRequired":true,"valueName":"search_term_string"}}],"inLanguage":"en-GB"},{"@type":"Organization","@id":"https:\/\/best.gdansk.pl\/itp\/#organization","name":"Stowarzyszenie Student\u00f3w BEST Gda\u0144sk","url":"https:\/\/best.gdansk.pl\/itp\/","logo":{"@type":"ImageObject","inLanguage":"en-GB","@id":"https:\/\/best.gdansk.pl\/itp\/#\/schema\/logo\/image\/","url":"https:\/\/best.gdansk.pl\/itp\/wp-content\/uploads\/itp_logo_small.png","contentUrl":"https:\/\/best.gdansk.pl\/itp\/wp-content\/uploads\/itp_logo_small.png","width":903,"height":316,"caption":"Stowarzyszenie Student\u00f3w BEST Gda\u0144sk"},"image":{"@id":"https:\/\/best.gdansk.pl\/itp\/#\/schema\/logo\/image\/"},"sameAs":["https:\/\/www.facebook.com\/BESTGdansk","https:\/\/www.instagram.com\/bestgdansk\/","https:\/\/www.linkedin.com\/showcase\/in\u017cynierskietargipracy"]}]}},"_links":{"self":[{"href":"https:\/\/best.gdansk.pl\/itp\/en\/wp-json\/wp\/v2\/pages\/2483","targetHints":{"allow":["GET"]}}],"collection":[{"href":"https:\/\/best.gdansk.pl\/itp\/en\/wp-json\/wp\/v2\/pages"}],"about":[{"href":"https:\/\/best.gdansk.pl\/itp\/en\/wp-json\/wp\/v2\/types\/page"}],"author":[{"embeddable":true,"href":"https:\/\/best.gdansk.pl\/itp\/en\/wp-json\/wp\/v2\/users\/1"}],"replies":[{"embeddable":true,"href":"https:\/\/best.gdansk.pl\/itp\/en\/wp-json\/wp\/v2\/comments?post=2483"}],"version-history":[{"count":130,"href":"https:\/\/best.gdansk.pl\/itp\/en\/wp-json\/wp\/v2\/pages\/2483\/revisions"}],"predecessor-version":[{"id":3499,"href":"https:\/\/best.gdansk.pl\/itp\/en\/wp-json\/wp\/v2\/pages\/2483\/revisions\/3499"}],"wp:attachment":[{"href":"https:\/\/best.gdansk.pl\/itp\/en\/wp-json\/wp\/v2\/media?parent=2483"}],"curies":[{"name":"wp","href":"https:\/\/api.w.org\/{rel}","templated":true}]}}