{"id":2491,"date":"2025-10-21T20:08:57","date_gmt":"2025-10-21T18:08:57","guid":{"rendered":"https:\/\/best.gdansk.pl\/itpWP\/?page_id=2491"},"modified":"2026-03-04T23:20:43","modified_gmt":"2026-03-04T22:20:43","slug":"catalog","status":"publish","type":"page","link":"https:\/\/best.gdansk.pl\/itp\/en\/catalog\/","title":{"rendered":"Catalog"},"content":{"rendered":"<div data-elementor-type=\"page\" data-elementor-id=\"2491\" class=\"elementor elementor-2491\">\n\t\t\t\t<div class=\"elementor-element elementor-element-76f8d99 e-flex e-con-boxed e-con e-parent\" data-id=\"76f8d99\" data-element_type=\"container\" data-settings=\"{&quot;background_background&quot;:&quot;classic&quot;}\">\n\t\t\t\t\t<div class=\"e-con-inner\">\n\t\t\t\t<div class=\"elementor-element elementor-element-0f3643d elementor-widget elementor-widget-heading\" data-id=\"0f3643d\" data-element_type=\"widget\" data-widget_type=\"heading.default\">\n\t\t\t\t<div class=\"elementor-widget-container\">\n\t\t\t\t\t<h2 class=\"elementor-heading-title elementor-size-default\">Offer catalogue<\/h2>\t\t\t\t<\/div>\n\t\t\t\t<\/div>\n\t\t\t\t<div class=\"elementor-element elementor-element-0df86f1 elementor-widget elementor-widget-heading\" data-id=\"0df86f1\" data-element_type=\"widget\" data-widget_type=\"heading.default\">\n\t\t\t\t<div class=\"elementor-widget-container\">\n\t\t\t\t\t<span class=\"elementor-heading-title elementor-size-default\">Ni\u017cej si\u0119 znajduje katalog 2026 r.<\/span>\t\t\t\t<\/div>\n\t\t\t\t<\/div>\n\t\t\t\t<div class=\"elementor-element elementor-element-aea8ef7 elementor-widget elementor-widget-embedpress_pdf\" data-id=\"aea8ef7\" data-element_type=\"widget\" data-widget_type=\"embedpress_pdf.default\">\n\t\t\t\t<div class=\"elementor-widget-container\">\n\t\t\t\t\t    <div class=\"embedpress-document-embed ep-doc-367134309577438ff5adccfb97270ca7 ose-document emebedpress-unit-percent\" data-thememode=\"dark\" data-customcolor=\"\" data-toolbar=\"yes\" data-toolbar-position=\"top\" data-open=\"no\" data-presentation-mode=\"yes\" data-download=\"yes\" data-copy=\"yes\" data-add-image=\"yes\" data-rotate=\"yes\" data-details=\"yes\" data-id=\"embedpress-pdf-aea8ef7\" data-selection-tool=\"0\" data-scrolling=\"0\" data-spreads=\"-1\" style=\" max-width:100%; display: inline-block\">\n\n        \n                <div >\n\n                    <div id=\"ep-elementor-content-aea8ef7\" class=\"ep-elementor-content   ep-percentage-width   ep-content-protection-disabled\">\n                        <div id=\"aea8ef7\" class=\"ep-embed-content-wraper\">\n                            <div><iframe title=\"Katalog ITP 2026 &#8211; z danymi (1)_compressed\" class=\"embedpress-embed-document-pdf embedpress-pdf-aea8ef7\" style=\"width: 600%!important;height: 1200px;; max-width:100%; display: inline-block\" src=\"https:\/\/best.gdansk.pl\/itp\/wp-admin\/admin-ajax.php?action=get_viewer&#038;file=https%3A%2F%2Fbest.gdansk.pl%2Fitp%2Fwp-content%2Fuploads%2FKatalog-ITP-2026-z-danymi-1_compressed.pdf&#038;scrolling=0&#038;selection_tool=0&#038;spreads=-1#key=dGhlbWVNb2RlPWRhcmsmdG9vbGJhcj10cnVlJnBvc2l0aW9uPXRvcCZwcmVzZW50YXRpb249dHJ1ZSZsYXp5TG9hZD1mYWxzZSZkb3dubG9hZD10cnVlJmNvcHlfdGV4dD10cnVlJmFkZF90ZXh0PXRydWUmZHJhdz10cnVlJmFkZF9pbWFnZT10cnVlJnBkZl9yb3RhdGlvbj10cnVlJnBkZl9kZXRhaWxzPXRydWUmem9vbV9pbj10cnVlJnpvb21fb3V0PXRydWUmZml0X3ZpZXc9dHJ1ZSZib29rbWFyaz10cnVlJnNvdW5kPXRydWUmZmxpcGJvb2tfdG9vbGJhcl9wb3NpdGlvbj1ib3R0b20mc2VsZWN0aW9uX3Rvb2w9MCZzY3JvbGxpbmc9MCZzcHJlYWRzPS0xJmlzX3Byb19hY3RpdmU9MA==&#038;zoom=auto\" data-emid=\"embedpress-pdf-aea8ef7\" data-embed-type=\"PDF\" frameborder=\"0\"><\/iframe><\/div>                        <\/div>\n\n                    <\/div>\n\n\n                   \n                <\/div>\n            \n    <\/div>\n\n\t\t\t\t<\/div>\n\t\t\t\t<\/div>\n\t\t\t\t\t<\/div>\n\t\t\t\t<\/div>\n\t\t\t\t<\/div>","protected":false},"excerpt":{"rendered":"<p>Katalog oferty Ni\u017cej si\u0119 znajduje katalog 2026 r.<\/p>","protected":false},"author":1,"featured_media":0,"parent":0,"menu_order":0,"comment_status":"closed","ping_status":"closed","template":"","meta":{"_glsr_average":0,"_glsr_ranking":0,"_glsr_reviews":0,"footnotes":""},"class_list":["post-2491","page","type-page","status-publish","hentry"],"blocksy_meta":[],"yoast_head":"<!-- This site is optimized with the Yoast SEO plugin v26.1.1 - https:\/\/yoast.com\/wordpress\/plugins\/seo\/ -->\n<title>Catalog - In\u017cynierskie Targi Pracy 2026<\/title>\n<meta name=\"robots\" content=\"index, follow, max-snippet:-1, max-image-preview:large, max-video-preview:-1\" \/>\n<link rel=\"canonical\" href=\"https:\/\/best.gdansk.pl\/itp\/en\/catalog\/\" \/>\n<meta property=\"og:locale\" content=\"en_GB\" \/>\n<meta property=\"og:type\" content=\"article\" \/>\n<meta property=\"og:title\" content=\"Catalog - In\u017cynierskie Targi Pracy 2026\" \/>\n<meta property=\"og:description\" content=\"Katalog oferty Ni\u017cej si\u0119 znajduje katalog 2026 r.\" \/>\n<meta property=\"og:url\" content=\"https:\/\/best.gdansk.pl\/itp\/en\/catalog\/\" \/>\n<meta property=\"og:site_name\" content=\"In\u017cynierskie Targi Pracy 2026\" \/>\n<meta property=\"article:publisher\" content=\"https:\/\/www.facebook.com\/BESTGdansk\" \/>\n<meta property=\"article:modified_time\" content=\"2026-03-04T22:20:43+00:00\" \/>\n<meta name=\"twitter:card\" content=\"summary_large_image\" \/>\n<script type=\"application\/ld+json\" class=\"yoast-schema-graph\">{\"@context\":\"https:\/\/schema.org\",\"@graph\":[{\"@type\":\"WebPage\",\"@id\":\"https:\/\/best.gdansk.pl\/itp\/catalog\/\",\"url\":\"https:\/\/best.gdansk.pl\/itp\/catalog\/\",\"name\":\"Catalog - In\u017cynierskie Targi Pracy 2026\",\"isPartOf\":{\"@id\":\"https:\/\/best.gdansk.pl\/itp\/#website\"},\"datePublished\":\"2025-10-21T18:08:57+00:00\",\"dateModified\":\"2026-03-04T22:20:43+00:00\",\"breadcrumb\":{\"@id\":\"https:\/\/best.gdansk.pl\/itp\/catalog\/#breadcrumb\"},\"inLanguage\":\"en-GB\",\"potentialAction\":[{\"@type\":\"ReadAction\",\"target\":[\"https:\/\/best.gdansk.pl\/itp\/catalog\/\"]}]},{\"@type\":\"BreadcrumbList\",\"@id\":\"https:\/\/best.gdansk.pl\/itp\/catalog\/#breadcrumb\",\"itemListElement\":[{\"@type\":\"ListItem\",\"position\":1,\"name\":\"Strona g\u0142\u00f3wna\",\"item\":\"https:\/\/best.gdansk.pl\/itp\/\"},{\"@type\":\"ListItem\",\"position\":2,\"name\":\"Catalog\"}]},{\"@type\":\"WebSite\",\"@id\":\"https:\/\/best.gdansk.pl\/itp\/#website\",\"url\":\"https:\/\/best.gdansk.pl\/itp\/\",\"name\":\"In\u017cynierskie Targi Pracy 2026\",\"description\":\"\",\"publisher\":{\"@id\":\"https:\/\/best.gdansk.pl\/itp\/#organization\"},\"potentialAction\":[{\"@type\":\"SearchAction\",\"target\":{\"@type\":\"EntryPoint\",\"urlTemplate\":\"https:\/\/best.gdansk.pl\/itp\/?s={search_term_string}\"},\"query-input\":{\"@type\":\"PropertyValueSpecification\",\"valueRequired\":true,\"valueName\":\"search_term_string\"}}],\"inLanguage\":\"en-GB\"},{\"@type\":\"Organization\",\"@id\":\"https:\/\/best.gdansk.pl\/itp\/#organization\",\"name\":\"Stowarzyszenie Student\u00f3w BEST Gda\u0144sk\",\"url\":\"https:\/\/best.gdansk.pl\/itp\/\",\"logo\":{\"@type\":\"ImageObject\",\"inLanguage\":\"en-GB\",\"@id\":\"https:\/\/best.gdansk.pl\/itp\/#\/schema\/logo\/image\/\",\"url\":\"https:\/\/best.gdansk.pl\/itp\/wp-content\/uploads\/itp_logo_small.png\",\"contentUrl\":\"https:\/\/best.gdansk.pl\/itp\/wp-content\/uploads\/itp_logo_small.png\",\"width\":903,\"height\":316,\"caption\":\"Stowarzyszenie Student\u00f3w BEST Gda\u0144sk\"},\"image\":{\"@id\":\"https:\/\/best.gdansk.pl\/itp\/#\/schema\/logo\/image\/\"},\"sameAs\":[\"https:\/\/www.facebook.com\/BESTGdansk\",\"https:\/\/www.instagram.com\/bestgdansk\/\",\"https:\/\/www.linkedin.com\/showcase\/in\u017cynierskietargipracy\"]}]}<\/script>\n<!-- \/ Yoast SEO plugin. -->","yoast_head_json":{"title":"Catalog - In\u017cynierskie Targi Pracy 2026","robots":{"index":"index","follow":"follow","max-snippet":"max-snippet:-1","max-image-preview":"max-image-preview:large","max-video-preview":"max-video-preview:-1"},"canonical":"https:\/\/best.gdansk.pl\/itp\/en\/catalog\/","og_locale":"en_GB","og_type":"article","og_title":"Catalog - In\u017cynierskie Targi Pracy 2026","og_description":"Katalog oferty Ni\u017cej si\u0119 znajduje katalog 2026 r.","og_url":"https:\/\/best.gdansk.pl\/itp\/en\/catalog\/","og_site_name":"In\u017cynierskie Targi Pracy 2026","article_publisher":"https:\/\/www.facebook.com\/BESTGdansk","article_modified_time":"2026-03-04T22:20:43+00:00","twitter_card":"summary_large_image","schema":{"@context":"https:\/\/schema.org","@graph":[{"@type":"WebPage","@id":"https:\/\/best.gdansk.pl\/itp\/catalog\/","url":"https:\/\/best.gdansk.pl\/itp\/catalog\/","name":"Catalog - In\u017cynierskie Targi Pracy 2026","isPartOf":{"@id":"https:\/\/best.gdansk.pl\/itp\/#website"},"datePublished":"2025-10-21T18:08:57+00:00","dateModified":"2026-03-04T22:20:43+00:00","breadcrumb":{"@id":"https:\/\/best.gdansk.pl\/itp\/catalog\/#breadcrumb"},"inLanguage":"en-GB","potentialAction":[{"@type":"ReadAction","target":["https:\/\/best.gdansk.pl\/itp\/catalog\/"]}]},{"@type":"BreadcrumbList","@id":"https:\/\/best.gdansk.pl\/itp\/catalog\/#breadcrumb","itemListElement":[{"@type":"ListItem","position":1,"name":"Strona g\u0142\u00f3wna","item":"https:\/\/best.gdansk.pl\/itp\/"},{"@type":"ListItem","position":2,"name":"Catalog"}]},{"@type":"WebSite","@id":"https:\/\/best.gdansk.pl\/itp\/#website","url":"https:\/\/best.gdansk.pl\/itp\/","name":"In\u017cynierskie Targi Pracy 2026","description":"","publisher":{"@id":"https:\/\/best.gdansk.pl\/itp\/#organization"},"potentialAction":[{"@type":"SearchAction","target":{"@type":"EntryPoint","urlTemplate":"https:\/\/best.gdansk.pl\/itp\/?s={search_term_string}"},"query-input":{"@type":"PropertyValueSpecification","valueRequired":true,"valueName":"search_term_string"}}],"inLanguage":"en-GB"},{"@type":"Organization","@id":"https:\/\/best.gdansk.pl\/itp\/#organization","name":"Stowarzyszenie Student\u00f3w BEST Gda\u0144sk","url":"https:\/\/best.gdansk.pl\/itp\/","logo":{"@type":"ImageObject","inLanguage":"en-GB","@id":"https:\/\/best.gdansk.pl\/itp\/#\/schema\/logo\/image\/","url":"https:\/\/best.gdansk.pl\/itp\/wp-content\/uploads\/itp_logo_small.png","contentUrl":"https:\/\/best.gdansk.pl\/itp\/wp-content\/uploads\/itp_logo_small.png","width":903,"height":316,"caption":"Stowarzyszenie Student\u00f3w BEST Gda\u0144sk"},"image":{"@id":"https:\/\/best.gdansk.pl\/itp\/#\/schema\/logo\/image\/"},"sameAs":["https:\/\/www.facebook.com\/BESTGdansk","https:\/\/www.instagram.com\/bestgdansk\/","https:\/\/www.linkedin.com\/showcase\/in\u017cynierskietargipracy"]}]}},"_links":{"self":[{"href":"https:\/\/best.gdansk.pl\/itp\/en\/wp-json\/wp\/v2\/pages\/2491","targetHints":{"allow":["GET"]}}],"collection":[{"href":"https:\/\/best.gdansk.pl\/itp\/en\/wp-json\/wp\/v2\/pages"}],"about":[{"href":"https:\/\/best.gdansk.pl\/itp\/en\/wp-json\/wp\/v2\/types\/page"}],"author":[{"embeddable":true,"href":"https:\/\/best.gdansk.pl\/itp\/en\/wp-json\/wp\/v2\/users\/1"}],"replies":[{"embeddable":true,"href":"https:\/\/best.gdansk.pl\/itp\/en\/wp-json\/wp\/v2\/comments?post=2491"}],"version-history":[{"count":54,"href":"https:\/\/best.gdansk.pl\/itp\/en\/wp-json\/wp\/v2\/pages\/2491\/revisions"}],"predecessor-version":[{"id":3496,"href":"https:\/\/best.gdansk.pl\/itp\/en\/wp-json\/wp\/v2\/pages\/2491\/revisions\/3496"}],"wp:attachment":[{"href":"https:\/\/best.gdansk.pl\/itp\/en\/wp-json\/wp\/v2\/media?parent=2491"}],"curies":[{"name":"wp","href":"https:\/\/api.w.org\/{rel}","templated":true}]}}