{"id":2485,"date":"2025-10-18T19:19:01","date_gmt":"2025-10-18T17:19:01","guid":{"rendered":"https:\/\/best.gdansk.pl\/itpWP\/?page_id=2485"},"modified":"2025-11-04T22:39:09","modified_gmt":"2025-11-04T21:39:09","slug":"reviews","status":"publish","type":"page","link":"https:\/\/best.gdansk.pl\/itp\/reviews\/","title":{"rendered":"Reviews"},"content":{"rendered":"\t\t<div data-elementor-type=\"page\" data-elementor-id=\"2485\" class=\"elementor elementor-2485\">\n\t\t\t\t<div class=\"elementor-element elementor-element-b5a1c96 e-flex e-con-boxed e-con e-parent\" data-id=\"b5a1c96\" data-element_type=\"container\" data-settings=\"{&quot;background_background&quot;:&quot;classic&quot;}\">\n\t\t\t\t\t<div class=\"e-con-inner\">\n\t\t<div class=\"elementor-element elementor-element-7669976 e-con-full e-flex e-con e-child\" data-id=\"7669976\" data-element_type=\"container\">\n\t\t\t\t<div class=\"elementor-element elementor-element-ea571bc elementor-widget elementor-widget-heading\" data-id=\"ea571bc\" data-element_type=\"widget\" data-widget_type=\"heading.default\">\n\t\t\t\t<div class=\"elementor-widget-container\">\n\t\t\t\t\t<h2 class=\"elementor-heading-title elementor-size-default\">Opinie<\/h2>\t\t\t\t<\/div>\n\t\t\t\t<\/div>\n\t\t\t\t<div class=\"elementor-element elementor-element-1519018 elementor-widget elementor-widget-heading\" data-id=\"1519018\" data-element_type=\"widget\" data-widget_type=\"heading.default\">\n\t\t\t\t<div class=\"elementor-widget-container\">\n\t\t\t\t\t<span class=\"elementor-heading-title elementor-size-default\">Zobacz, co firmy i uczestnicy m\u00f3wi\u0105 o naszym wydarzeniu.<\/span>\t\t\t\t<\/div>\n\t\t\t\t<\/div>\n\t\t<div class=\"elementor-element elementor-element-fcb98a5 e-con-full e-flex e-con e-child\" data-id=\"fcb98a5\" data-element_type=\"container\">\n\t\t\t\t<div class=\"elementor-element elementor-element-95bacb6 elementor-widget__width-initial elementor-widget elementor-widget-shortcode\" data-id=\"95bacb6\" data-element_type=\"widget\" data-widget_type=\"shortcode.default\">\n\t\t\t\t<div class=\"elementor-widget-container\">\n\t\t\t\t\t\t\t<div class=\"elementor-shortcode\"><div class=\"glsr glsr-default\" id=\"glsr_54ecf913\" data-from=\"shortcode\" data-shortcode=\"site_reviews\" data-assigned_posts=\"2485\" data-hide=\"title\"><div class=\"glsr-reviews-wrap\">\n    <div class=\"glsr-reviews\">\n        <p class=\"glsr-no-margins\">There are no reviews yet. Be the first one to write one.<\/p>\n    <\/div>\n    \n<\/div><\/div><\/div>\n\t\t\t\t\t\t<\/div>\n\t\t\t\t<\/div>\n\t\t\t\t<\/div>\n\t\t\t\t<\/div>\n\t\t<div class=\"elementor-element elementor-element-d7922b3 e-con-full e-flex e-con e-child\" data-id=\"d7922b3\" data-element_type=\"container\">\n\t\t\t\t<\/div>\n\t\t\t\t\t<\/div>\n\t\t\t\t<\/div>\n\t\t\t\t<\/div>\n\t\t","protected":false},"excerpt":{"rendered":"<p>Opinie Zobacz, co firmy i uczestnicy m\u00f3wi\u0105 o naszym wydarzeniu.<\/p>\n","protected":false},"author":1,"featured_media":0,"parent":0,"menu_order":0,"comment_status":"closed","ping_status":"closed","template":"","meta":{"_glsr_average":0,"_glsr_ranking":0,"_glsr_reviews":0,"footnotes":""},"class_list":["post-2485","page","type-page","status-publish","hentry"],"blocksy_meta":[],"yoast_head":"<!-- This site is optimized with the Yoast SEO plugin v26.1.1 - https:\/\/yoast.com\/wordpress\/plugins\/seo\/ -->\n<title>Reviews - In\u017cynierskie Targi Pracy 2026<\/title>\n<meta name=\"robots\" content=\"index, follow, max-snippet:-1, max-image-preview:large, max-video-preview:-1\" \/>\n<link rel=\"canonical\" href=\"https:\/\/best.gdansk.pl\/itp\/reviews\/\" \/>\n<meta property=\"og:locale\" content=\"pl_PL\" \/>\n<meta property=\"og:type\" content=\"article\" \/>\n<meta property=\"og:title\" content=\"Reviews - In\u017cynierskie Targi Pracy 2026\" \/>\n<meta property=\"og:description\" content=\"Opinie Zobacz, co firmy i uczestnicy m\u00f3wi\u0105 o naszym wydarzeniu.\" \/>\n<meta property=\"og:url\" content=\"https:\/\/best.gdansk.pl\/itp\/reviews\/\" \/>\n<meta property=\"og:site_name\" content=\"In\u017cynierskie Targi Pracy 2026\" \/>\n<meta property=\"article:publisher\" content=\"https:\/\/www.facebook.com\/BESTGdansk\" \/>\n<meta property=\"article:modified_time\" content=\"2025-11-04T21:39:09+00:00\" \/>\n<meta name=\"twitter:card\" content=\"summary_large_image\" \/>\n<script type=\"application\/ld+json\" class=\"yoast-schema-graph\">{\"@context\":\"https:\/\/schema.org\",\"@graph\":[{\"@type\":\"WebPage\",\"@id\":\"https:\/\/best.gdansk.pl\/itp\/reviews\/\",\"url\":\"https:\/\/best.gdansk.pl\/itp\/reviews\/\",\"name\":\"Reviews - In\u017cynierskie Targi Pracy 2026\",\"isPartOf\":{\"@id\":\"https:\/\/best.gdansk.pl\/itp\/#website\"},\"datePublished\":\"2025-10-18T17:19:01+00:00\",\"dateModified\":\"2025-11-04T21:39:09+00:00\",\"breadcrumb\":{\"@id\":\"https:\/\/best.gdansk.pl\/itp\/reviews\/#breadcrumb\"},\"inLanguage\":\"pl-PL\",\"potentialAction\":[{\"@type\":\"ReadAction\",\"target\":[\"https:\/\/best.gdansk.pl\/itp\/reviews\/\"]}]},{\"@type\":\"BreadcrumbList\",\"@id\":\"https:\/\/best.gdansk.pl\/itp\/reviews\/#breadcrumb\",\"itemListElement\":[{\"@type\":\"ListItem\",\"position\":1,\"name\":\"Strona g\u0142\u00f3wna\",\"item\":\"https:\/\/best.gdansk.pl\/itp\/\"},{\"@type\":\"ListItem\",\"position\":2,\"name\":\"Reviews\"}]},{\"@type\":\"WebSite\",\"@id\":\"https:\/\/best.gdansk.pl\/itp\/#website\",\"url\":\"https:\/\/best.gdansk.pl\/itp\/\",\"name\":\"In\u017cynierskie Targi Pracy 2026\",\"description\":\"\",\"publisher\":{\"@id\":\"https:\/\/best.gdansk.pl\/itp\/#organization\"},\"potentialAction\":[{\"@type\":\"SearchAction\",\"target\":{\"@type\":\"EntryPoint\",\"urlTemplate\":\"https:\/\/best.gdansk.pl\/itp\/?s={search_term_string}\"},\"query-input\":{\"@type\":\"PropertyValueSpecification\",\"valueRequired\":true,\"valueName\":\"search_term_string\"}}],\"inLanguage\":\"pl-PL\"},{\"@type\":\"Organization\",\"@id\":\"https:\/\/best.gdansk.pl\/itp\/#organization\",\"name\":\"Stowarzyszenie Student\u00f3w BEST Gda\u0144sk\",\"url\":\"https:\/\/best.gdansk.pl\/itp\/\",\"logo\":{\"@type\":\"ImageObject\",\"inLanguage\":\"pl-PL\",\"@id\":\"https:\/\/best.gdansk.pl\/itp\/#\/schema\/logo\/image\/\",\"url\":\"https:\/\/best.gdansk.pl\/itp\/wp-content\/uploads\/itp_logo_small.png\",\"contentUrl\":\"https:\/\/best.gdansk.pl\/itp\/wp-content\/uploads\/itp_logo_small.png\",\"width\":903,\"height\":316,\"caption\":\"Stowarzyszenie Student\u00f3w BEST Gda\u0144sk\"},\"image\":{\"@id\":\"https:\/\/best.gdansk.pl\/itp\/#\/schema\/logo\/image\/\"},\"sameAs\":[\"https:\/\/www.facebook.com\/BESTGdansk\",\"https:\/\/www.instagram.com\/bestgdansk\/\",\"https:\/\/www.linkedin.com\/showcase\/in\u017cynierskietargipracy\"]}]}<\/script>\n<!-- \/ Yoast SEO plugin. -->","yoast_head_json":{"title":"Reviews - In\u017cynierskie Targi Pracy 2026","robots":{"index":"index","follow":"follow","max-snippet":"max-snippet:-1","max-image-preview":"max-image-preview:large","max-video-preview":"max-video-preview:-1"},"canonical":"https:\/\/best.gdansk.pl\/itp\/reviews\/","og_locale":"pl_PL","og_type":"article","og_title":"Reviews - In\u017cynierskie Targi Pracy 2026","og_description":"Opinie Zobacz, co firmy i uczestnicy m\u00f3wi\u0105 o naszym wydarzeniu.","og_url":"https:\/\/best.gdansk.pl\/itp\/reviews\/","og_site_name":"In\u017cynierskie Targi Pracy 2026","article_publisher":"https:\/\/www.facebook.com\/BESTGdansk","article_modified_time":"2025-11-04T21:39:09+00:00","twitter_card":"summary_large_image","schema":{"@context":"https:\/\/schema.org","@graph":[{"@type":"WebPage","@id":"https:\/\/best.gdansk.pl\/itp\/reviews\/","url":"https:\/\/best.gdansk.pl\/itp\/reviews\/","name":"Reviews - In\u017cynierskie Targi Pracy 2026","isPartOf":{"@id":"https:\/\/best.gdansk.pl\/itp\/#website"},"datePublished":"2025-10-18T17:19:01+00:00","dateModified":"2025-11-04T21:39:09+00:00","breadcrumb":{"@id":"https:\/\/best.gdansk.pl\/itp\/reviews\/#breadcrumb"},"inLanguage":"pl-PL","potentialAction":[{"@type":"ReadAction","target":["https:\/\/best.gdansk.pl\/itp\/reviews\/"]}]},{"@type":"BreadcrumbList","@id":"https:\/\/best.gdansk.pl\/itp\/reviews\/#breadcrumb","itemListElement":[{"@type":"ListItem","position":1,"name":"Strona g\u0142\u00f3wna","item":"https:\/\/best.gdansk.pl\/itp\/"},{"@type":"ListItem","position":2,"name":"Reviews"}]},{"@type":"WebSite","@id":"https:\/\/best.gdansk.pl\/itp\/#website","url":"https:\/\/best.gdansk.pl\/itp\/","name":"In\u017cynierskie Targi Pracy 2026","description":"","publisher":{"@id":"https:\/\/best.gdansk.pl\/itp\/#organization"},"potentialAction":[{"@type":"SearchAction","target":{"@type":"EntryPoint","urlTemplate":"https:\/\/best.gdansk.pl\/itp\/?s={search_term_string}"},"query-input":{"@type":"PropertyValueSpecification","valueRequired":true,"valueName":"search_term_string"}}],"inLanguage":"pl-PL"},{"@type":"Organization","@id":"https:\/\/best.gdansk.pl\/itp\/#organization","name":"Stowarzyszenie Student\u00f3w BEST Gda\u0144sk","url":"https:\/\/best.gdansk.pl\/itp\/","logo":{"@type":"ImageObject","inLanguage":"pl-PL","@id":"https:\/\/best.gdansk.pl\/itp\/#\/schema\/logo\/image\/","url":"https:\/\/best.gdansk.pl\/itp\/wp-content\/uploads\/itp_logo_small.png","contentUrl":"https:\/\/best.gdansk.pl\/itp\/wp-content\/uploads\/itp_logo_small.png","width":903,"height":316,"caption":"Stowarzyszenie Student\u00f3w BEST Gda\u0144sk"},"image":{"@id":"https:\/\/best.gdansk.pl\/itp\/#\/schema\/logo\/image\/"},"sameAs":["https:\/\/www.facebook.com\/BESTGdansk","https:\/\/www.instagram.com\/bestgdansk\/","https:\/\/www.linkedin.com\/showcase\/in\u017cynierskietargipracy"]}]}},"_links":{"self":[{"href":"https:\/\/best.gdansk.pl\/itp\/wp-json\/wp\/v2\/pages\/2485","targetHints":{"allow":["GET"]}}],"collection":[{"href":"https:\/\/best.gdansk.pl\/itp\/wp-json\/wp\/v2\/pages"}],"about":[{"href":"https:\/\/best.gdansk.pl\/itp\/wp-json\/wp\/v2\/types\/page"}],"author":[{"embeddable":true,"href":"https:\/\/best.gdansk.pl\/itp\/wp-json\/wp\/v2\/users\/1"}],"replies":[{"embeddable":true,"href":"https:\/\/best.gdansk.pl\/itp\/wp-json\/wp\/v2\/comments?post=2485"}],"version-history":[{"count":28,"href":"https:\/\/best.gdansk.pl\/itp\/wp-json\/wp\/v2\/pages\/2485\/revisions"}],"predecessor-version":[{"id":3210,"href":"https:\/\/best.gdansk.pl\/itp\/wp-json\/wp\/v2\/pages\/2485\/revisions\/3210"}],"wp:attachment":[{"href":"https:\/\/best.gdansk.pl\/itp\/wp-json\/wp\/v2\/media?parent=2485"}],"curies":[{"name":"wp","href":"https:\/\/api.w.org\/{rel}","templated":true}]}}