{"id":2487,"date":"2025-10-19T13:41:51","date_gmt":"2025-10-19T11:41:51","guid":{"rendered":"https:\/\/best.gdansk.pl\/itpWP\/?page_id=2487"},"modified":"2025-11-30T12:55:30","modified_gmt":"2025-11-30T11:55:30","slug":"contact","status":"publish","type":"page","link":"https:\/\/best.gdansk.pl\/itp\/contact\/","title":{"rendered":"Contact"},"content":{"rendered":"\t\t<div data-elementor-type=\"page\" data-elementor-id=\"2487\" class=\"elementor elementor-2487\">\n\t\t\t\t<div class=\"elementor-element elementor-element-62d823c e-flex e-con-boxed e-con e-parent\" data-id=\"62d823c\" data-element_type=\"container\" data-settings=\"{&quot;background_background&quot;:&quot;classic&quot;}\">\n\t\t\t\t\t<div class=\"e-con-inner\">\n\t\t<div class=\"elementor-element elementor-element-15dbf34 e-con-full e-flex e-con e-child\" data-id=\"15dbf34\" data-element_type=\"container\">\n\t\t\t\t<div class=\"elementor-element elementor-element-14413a8 elementor-widget__width-initial elementor-widget elementor-widget-heading\" data-id=\"14413a8\" data-element_type=\"widget\" data-widget_type=\"heading.default\">\n\t\t\t\t<div class=\"elementor-widget-container\">\n\t\t\t\t\t<h3 class=\"elementor-heading-title elementor-size-default\">Napisz do nas<\/h3>\t\t\t\t<\/div>\n\t\t\t\t<\/div>\n\t\t\t\t<div class=\"elementor-element elementor-element-f25fa4d elementor-widget__width-initial elementor-widget elementor-widget-heading\" data-id=\"f25fa4d\" data-element_type=\"widget\" data-widget_type=\"heading.default\">\n\t\t\t\t<div class=\"elementor-widget-container\">\n\t\t\t\t\t<span class=\"elementor-heading-title elementor-size-default\">Jeste\u015bmy tu, aby Ci pom\u00f3c! Skontaktuj si\u0119 z nami, je\u015bli masz jakiekolwiek pytania lub uwagi.<\/span>\t\t\t\t<\/div>\n\t\t\t\t<\/div>\n\t\t\t\t<div class=\"elementor-element elementor-element-bc6e32c elementor-widget__width-initial elementor-widget elementor-widget-wpforms\" data-id=\"bc6e32c\" data-element_type=\"widget\" data-widget_type=\"wpforms.default\">\n\t\t\t\t<div class=\"elementor-widget-container\">\n\t\t\t\t\t<style id=\"wpforms-css-vars-elementor-widget-bc6e32c\">\n\t\t\t\t.elementor-widget-wpforms.elementor-element-bc6e32c {\n\t\t\t\t--wpforms-field-border-radius: 9px;\n--wpforms-field-background-color: #23180F;\n--wpforms-field-border-color: #F97306CC;\n--wpforms-field-border-color-spare: #F97306CC;\n--wpforms-label-color: #D1D5DB;\n--wpforms-label-sublabel-color: #61CE70;\n--wpforms-button-background-color: #F97306;\n--wpforms-field-text-color: #E5E7EB;\n\t\t\t}\n\t\t\t<\/style><div class=\"wpforms-container wpforms-container-full wpforms-render-modern\" id=\"wpforms-2988\"><form id=\"wpforms-form-2988\" class=\"wpforms-validate wpforms-form wpforms-ajax-form\" data-formid=\"2988\" method=\"post\" enctype=\"multipart\/form-data\" action=\"\/itp\/wp-json\/wp\/v2\/pages\/2487\" data-token=\"0eeb88775bf821682c03d4fc03a08fa9\" data-token-time=\"1775578879\"><noscript class=\"wpforms-error-noscript\">Aby wype\u0142ni\u0107 ten formularz, w\u0142\u0105cz obs\u0142ug\u0119 JavaScript w przegl\u0105darce.<\/noscript><div id=\"wpforms-error-noscript\" style=\"display: none;\">Aby wype\u0142ni\u0107 ten formularz, w\u0142\u0105cz obs\u0142ug\u0119 JavaScript w przegl\u0105darce.<\/div><div class=\"wpforms-field-container\"><div id=\"wpforms-2988-field_1-container\" class=\"wpforms-field wpforms-field-name\" data-field-id=\"1\"><label class=\"wpforms-field-label\" for=\"wpforms-2988-field_1\">Your Name and Surname <span class=\"wpforms-required-label\" aria-hidden=\"true\">*<\/span><\/label><input type=\"text\" id=\"wpforms-2988-field_1\" class=\"wpforms-field-medium wpforms-field-required\" name=\"wpforms[fields][1]\" placeholder=\"Enter your name\" aria-errormessage=\"wpforms-2988-field_1-error\" required><\/div><div id=\"wpforms-2988-field_7-container\" class=\"wpforms-field wpforms-field-number\" data-field-id=\"7\"><label class=\"wpforms-field-label\" for=\"wpforms-2988-field_7\">Your phone <span class=\"wpforms-required-label\" aria-hidden=\"true\">*<\/span><\/label><input type=\"number\" id=\"wpforms-2988-field_7\" class=\"wpforms-field-medium wpforms-field-required\" name=\"wpforms[fields][7]\" placeholder=\"123456789\" step=\"any\" aria-errormessage=\"wpforms-2988-field_7-error\" required><\/div>\t\t<div id=\"wpforms-2988-field_4-container\"\n\t\t\tclass=\"wpforms-field wpforms-field-text\"\n\t\t\tdata-field-type=\"text\"\n\t\t\tdata-field-id=\"4\"\n\t\t\t>\n\t\t\t<label class=\"wpforms-field-label\" for=\"wpforms-2988-field_4\" >Your Your Surname<\/label>\n\t\t\t<input type=\"text\" id=\"wpforms-2988-field_4\" class=\"wpforms-field-medium\" name=\"wpforms[fields][4]\" >\n\t\t<\/div>\n\t\t<div id=\"wpforms-2988-field_2-container\" class=\"wpforms-field wpforms-field-email\" data-field-id=\"2\"><label class=\"wpforms-field-label\" for=\"wpforms-2988-field_2\">Your email <span class=\"wpforms-required-label\" aria-hidden=\"true\">*<\/span><\/label><input type=\"email\" id=\"wpforms-2988-field_2\" class=\"wpforms-field-medium wpforms-field-required\" name=\"wpforms[fields][2]\" placeholder=\"example@gmail.com\" spellcheck=\"false\" aria-errormessage=\"wpforms-2988-field_2-error\" required><\/div><div id=\"wpforms-2988-field_6-container\" class=\"wpforms-field wpforms-field-text\" data-field-id=\"6\"><label class=\"wpforms-field-label\" for=\"wpforms-2988-field_6\">Subject <span class=\"wpforms-required-label\" aria-hidden=\"true\">*<\/span><\/label><input type=\"text\" id=\"wpforms-2988-field_6\" class=\"wpforms-field-medium wpforms-field-required\" name=\"wpforms[fields][6]\" placeholder=\"Questions about ITP\" aria-errormessage=\"wpforms-2988-field_6-error\" required><\/div><div id=\"wpforms-2988-field_3-container\" class=\"wpforms-field wpforms-field-textarea\" data-field-id=\"3\"><label class=\"wpforms-field-label\" for=\"wpforms-2988-field_3\">Message<\/label><textarea id=\"wpforms-2988-field_3\" class=\"wpforms-field-medium\" name=\"wpforms[fields][3]\" placeholder=\"Enter your message\" aria-errormessage=\"wpforms-2988-field_3-error\" ><\/textarea><\/div><script>\n\t\t\t\t( function() {\n\t\t\t\t\tconst style = document.createElement( 'style' );\n\t\t\t\t\tstyle.appendChild( document.createTextNode( '#wpforms-2988-field_4-container { position: absolute !important; overflow: hidden !important; display: inline !important; height: 1px !important; width: 1px !important; z-index: -1000 !important; padding: 0 !important; } #wpforms-2988-field_4-container input { visibility: hidden; } #wpforms-conversational-form-page #wpforms-2988-field_4-container label { counter-increment: none; }' ) );\n\t\t\t\t\tdocument.head.appendChild( style );\n\t\t\t\t\tdocument.currentScript?.remove();\n\t\t\t\t} )();\n\t\t\t<\/script><\/div><!-- .wpforms-field-container --><div class=\"wpforms-submit-container\" ><input type=\"hidden\" name=\"wpforms[id]\" value=\"2988\"><input type=\"hidden\" name=\"page_title\" value=\"\"><input type=\"hidden\" name=\"page_url\" value=\"https:\/\/best.gdansk.pl\/itp\/wp-json\/wp\/v2\/pages\/2487\"><input type=\"hidden\" name=\"url_referer\" value=\"\"><button type=\"submit\" name=\"wpforms[submit]\" id=\"wpforms-submit-2988\" class=\"wpforms-submit\" data-alt-text=\"Sending...\" data-submit-text=\"Send Message\" aria-live=\"assertive\" value=\"wpforms-submit\">Send Message<\/button><img decoding=\"async\" src=\"https:\/\/best.gdansk.pl\/itp\/wp-content\/plugins\/wpforms-lite\/assets\/images\/submit-spin.svg\" class=\"wpforms-submit-spinner\" style=\"display: none;\" width=\"26\" height=\"26\" alt=\"Wczytywanie\"><\/div><\/form><\/div>  <!-- .wpforms-container -->\t\t\t\t<\/div>\n\t\t\t\t<\/div>\n\t\t\t\t<\/div>\n\t\t<div class=\"elementor-element elementor-element-769ad266 e-con-full e-flex e-con e-child\" data-id=\"769ad266\" data-element_type=\"container\">\n\t\t\t\t<div class=\"elementor-element elementor-element-3fb6f9e elementor-widget__width-inherit elementor-widget elementor-widget-heading\" data-id=\"3fb6f9e\" data-element_type=\"widget\" data-widget_type=\"heading.default\">\n\t\t\t\t<div class=\"elementor-widget-container\">\n\t\t\t\t\t<h4 class=\"elementor-heading-title elementor-size-default\">Nasza lokalizacja<\/h4>\t\t\t\t<\/div>\n\t\t\t\t<\/div>\n\t\t\t\t<div class=\"elementor-element elementor-element-7fb9235 elementor-widget elementor-widget-google_maps\" data-id=\"7fb9235\" data-element_type=\"widget\" data-widget_type=\"google_maps.default\">\n\t\t\t\t<div class=\"elementor-widget-container\">\n\t\t\t\t\t\t\t<div class=\"elementor-custom-embed\">\n\t\t\t<iframe loading=\"lazy\"\n\t\t\t\t\tsrc=\"https:\/\/maps.google.com\/maps?q=ul.%20Siedlicka%204%2F303%2C%2080-222%20Gda%C5%84sk&#038;t=m&#038;z=13&#038;output=embed&#038;iwloc=near\"\n\t\t\t\t\ttitle=\"ul. Siedlicka 4\/303, 80-222 Gda\u0144sk\"\n\t\t\t\t\taria-label=\"ul. Siedlicka 4\/303, 80-222 Gda\u0144sk\"\n\t\t\t><\/iframe>\n\t\t<\/div>\n\t\t\t\t\t\t<\/div>\n\t\t\t\t<\/div>\n\t\t\t\t<div class=\"elementor-element elementor-element-6010d62 elementor-widget elementor-widget-heading\" data-id=\"6010d62\" data-element_type=\"widget\" data-widget_type=\"heading.default\">\n\t\t\t\t<div class=\"elementor-widget-container\">\n\t\t\t\t\t<h4 class=\"elementor-heading-title elementor-size-default\">Dane kontaktowe<\/h4>\t\t\t\t<\/div>\n\t\t\t\t<\/div>\n\t\t<div class=\"elementor-element elementor-element-510340e e-con-full e-flex e-con e-child\" data-id=\"510340e\" data-element_type=\"container\">\n\t\t\t\t<div class=\"elementor-element elementor-element-921a93f elementor-widget elementor-widget-image\" data-id=\"921a93f\" data-element_type=\"widget\" data-widget_type=\"image.default\">\n\t\t\t\t<div class=\"elementor-widget-container\">\n\t\t\t\t\t\t\t\t\t\t\t\t\t\t\t<img decoding=\"async\" width=\"16\" height=\"20\" src=\"https:\/\/best.gdansk.pl\/itp\/wp-content\/uploads\/position.png\" class=\"attachment-large size-large wp-image-2954\" alt=\"\" srcset=\"https:\/\/best.gdansk.pl\/itp\/wp-content\/uploads\/position.png 16w, https:\/\/best.gdansk.pl\/itp\/wp-content\/uploads\/position-10x12.png 10w\" sizes=\"(max-width: 16px) 100vw, 16px\" \/>\t\t\t\t\t\t\t\t\t\t\t\t\t\t\t<\/div>\n\t\t\t\t<\/div>\n\t\t\t\t<div class=\"elementor-element elementor-element-f48efe3 elementor-widget elementor-widget-heading\" data-id=\"f48efe3\" data-element_type=\"widget\" data-widget_type=\"heading.default\">\n\t\t\t\t<div class=\"elementor-widget-container\">\n\t\t\t\t\t<span class=\"elementor-heading-title elementor-size-default\"><b style=\"color:#D1D5DB\">Adres<\/b>\n<br \/><a href=\"https:\/\/maps.app.goo.gl\/G4pPrLmh3q7EAHpw9\">ul. Siedlicka 4\/303, 80-222 Gda\u0144sk<\/a><\/span>\t\t\t\t<\/div>\n\t\t\t\t<\/div>\n\t\t\t\t<\/div>\n\t\t<div class=\"elementor-element elementor-element-0df2cff e-con-full e-flex e-con e-child\" data-id=\"0df2cff\" data-element_type=\"container\">\n\t\t\t\t<div class=\"elementor-element elementor-element-ab5f629 elementor-widget elementor-widget-image\" data-id=\"ab5f629\" data-element_type=\"widget\" data-widget_type=\"image.default\">\n\t\t\t\t<div class=\"elementor-widget-container\">\n\t\t\t\t\t\t\t\t\t\t\t\t\t\t\t<img decoding=\"async\" width=\"22\" height=\"28\" src=\"https:\/\/best.gdansk.pl\/itp\/wp-content\/uploads\/mail-e1764500810439.png\" class=\"attachment-large size-large wp-image-2952\" alt=\"\" srcset=\"https:\/\/best.gdansk.pl\/itp\/wp-content\/uploads\/mail-e1764500810439.png 22w, https:\/\/best.gdansk.pl\/itp\/wp-content\/uploads\/mail-e1764500810439-9x12.png 9w\" sizes=\"(max-width: 22px) 100vw, 22px\" \/>\t\t\t\t\t\t\t\t\t\t\t\t\t\t\t<\/div>\n\t\t\t\t<\/div>\n\t\t\t\t<div class=\"elementor-element elementor-element-ba44fe5 elementor-widget elementor-widget-heading\" data-id=\"ba44fe5\" data-element_type=\"widget\" data-widget_type=\"heading.default\">\n\t\t\t\t<div class=\"elementor-widget-container\">\n\t\t\t\t\t<span class=\"elementor-heading-title elementor-size-default\"><b style=\"color: #D1D5DB\">Email<\/b><br \/>\n<a href=\"kontakt.itp@best.gdansk.pl\">kontakt.itp@best.gdansk.pl<\/a><\/span>\t\t\t\t<\/div>\n\t\t\t\t<\/div>\n\t\t\t\t<\/div>\n\t\t<div class=\"elementor-element elementor-element-76413bc e-con-full e-flex e-con e-child\" data-id=\"76413bc\" data-element_type=\"container\">\n\t\t\t\t<div class=\"elementor-element elementor-element-889061f elementor-widget elementor-widget-image\" data-id=\"889061f\" data-element_type=\"widget\" data-widget_type=\"image.default\">\n\t\t\t\t<div class=\"elementor-widget-container\">\n\t\t\t\t\t\t\t\t\t\t\t\t\t\t\t<img loading=\"lazy\" decoding=\"async\" width=\"18\" height=\"18\" src=\"https:\/\/best.gdansk.pl\/itp\/wp-content\/uploads\/phone.png\" class=\"attachment-thumbnail size-thumbnail wp-image-2953\" alt=\"\" srcset=\"https:\/\/best.gdansk.pl\/itp\/wp-content\/uploads\/phone.png 18w, https:\/\/best.gdansk.pl\/itp\/wp-content\/uploads\/phone-12x12.png 12w\" sizes=\"(max-width: 18px) 100vw, 18px\" \/>\t\t\t\t\t\t\t\t\t\t\t\t\t\t\t<\/div>\n\t\t\t\t<\/div>\n\t\t\t\t<div class=\"elementor-element elementor-element-30a7ae1 elementor-widget elementor-widget-heading\" data-id=\"30a7ae1\" data-element_type=\"widget\" data-widget_type=\"heading.default\">\n\t\t\t\t<div class=\"elementor-widget-container\">\n\t\t\t\t\t<span class=\"elementor-heading-title elementor-size-default\"><b style=\"color:#D1D5DB\">Telefon<\/b>\n<br \/>\n<a href=\"tel:+48533282100\">+48 533 282 100<\/a><\/span>\t\t\t\t<\/div>\n\t\t\t\t<\/div>\n\t\t\t\t<\/div>\n\t\t\t\t<\/div>\n\t\t\t\t\t<\/div>\n\t\t\t\t<\/div>\n\t\t\t\t<\/div>\n\t\t","protected":false},"excerpt":{"rendered":"<p>Napisz do nas Jeste\u015bmy tu, aby Ci pom\u00f3c! Skontaktuj si\u0119 z nami, je\u015bli masz jakiekolwiek pytania lub uwagi. Aby wype\u0142ni\u0107 ten formularz, w\u0142\u0105cz obs\u0142ug\u0119 JavaScript w przegl\u0105darce.Aby wype\u0142ni\u0107 ten formularz, w\u0142\u0105cz obs\u0142ug\u0119 JavaScript w przegl\u0105darce.Your Name and Surname *Your phone *Your email *Subject *Message Send Message Nasza lokalizacja Dane kontaktowe Adres ul. Siedlicka 4\/303, 80-222 [&hellip;]<\/p>\n","protected":false},"author":1,"featured_media":0,"parent":0,"menu_order":0,"comment_status":"closed","ping_status":"closed","template":"","meta":{"_glsr_average":0,"_glsr_ranking":0,"_glsr_reviews":0,"footnotes":""},"class_list":["post-2487","page","type-page","status-publish","hentry"],"blocksy_meta":[],"yoast_head":"<!-- This site is optimized with the Yoast SEO plugin v26.1.1 - https:\/\/yoast.com\/wordpress\/plugins\/seo\/ -->\n<title>Contact - In\u017cynierskie Targi Pracy 2026<\/title>\n<meta name=\"robots\" content=\"index, follow, max-snippet:-1, max-image-preview:large, max-video-preview:-1\" \/>\n<link rel=\"canonical\" href=\"https:\/\/best.gdansk.pl\/itp\/contact\/\" \/>\n<meta property=\"og:locale\" content=\"pl_PL\" \/>\n<meta property=\"og:type\" content=\"article\" \/>\n<meta property=\"og:title\" content=\"Contact - In\u017cynierskie Targi Pracy 2026\" \/>\n<meta property=\"og:description\" content=\"Napisz do nas Jeste\u015bmy tu, aby Ci pom\u00f3c! Skontaktuj si\u0119 z nami, je\u015bli masz jakiekolwiek pytania lub uwagi. Aby wype\u0142ni\u0107 ten formularz, w\u0142\u0105cz obs\u0142ug\u0119 JavaScript w przegl\u0105darce.Aby wype\u0142ni\u0107 ten formularz, w\u0142\u0105cz obs\u0142ug\u0119 JavaScript w przegl\u0105darce.Your Name and Surname *Your phone *Your email *Subject *Message Send Message Nasza lokalizacja Dane kontaktowe Adres ul. Siedlicka 4\/303, 80-222 [&hellip;]\" \/>\n<meta property=\"og:url\" content=\"https:\/\/best.gdansk.pl\/itp\/contact\/\" \/>\n<meta property=\"og:site_name\" content=\"In\u017cynierskie Targi Pracy 2026\" \/>\n<meta property=\"article:publisher\" content=\"https:\/\/www.facebook.com\/BESTGdansk\" \/>\n<meta property=\"article:modified_time\" content=\"2025-11-30T11:55:30+00:00\" \/>\n<meta property=\"og:image\" content=\"https:\/\/best.gdansk.pl\/itp\/wp-content\/plugins\/wpforms-lite\/assets\/images\/submit-spin.svg\" \/>\n<meta name=\"twitter:card\" content=\"summary_large_image\" \/>\n<script type=\"application\/ld+json\" class=\"yoast-schema-graph\">{\"@context\":\"https:\/\/schema.org\",\"@graph\":[{\"@type\":\"WebPage\",\"@id\":\"https:\/\/best.gdansk.pl\/itp\/contact\/\",\"url\":\"https:\/\/best.gdansk.pl\/itp\/contact\/\",\"name\":\"Contact - In\u017cynierskie Targi Pracy 2026\",\"isPartOf\":{\"@id\":\"https:\/\/best.gdansk.pl\/itp\/#website\"},\"primaryImageOfPage\":{\"@id\":\"https:\/\/best.gdansk.pl\/itp\/contact\/#primaryimage\"},\"image\":{\"@id\":\"https:\/\/best.gdansk.pl\/itp\/contact\/#primaryimage\"},\"thumbnailUrl\":\"https:\/\/best.gdansk.pl\/itp\/wp-content\/plugins\/wpforms-lite\/assets\/images\/submit-spin.svg\",\"datePublished\":\"2025-10-19T11:41:51+00:00\",\"dateModified\":\"2025-11-30T11:55:30+00:00\",\"breadcrumb\":{\"@id\":\"https:\/\/best.gdansk.pl\/itp\/contact\/#breadcrumb\"},\"inLanguage\":\"pl-PL\",\"potentialAction\":[{\"@type\":\"ReadAction\",\"target\":[\"https:\/\/best.gdansk.pl\/itp\/contact\/\"]}]},{\"@type\":\"ImageObject\",\"inLanguage\":\"pl-PL\",\"@id\":\"https:\/\/best.gdansk.pl\/itp\/contact\/#primaryimage\",\"url\":\"https:\/\/best.gdansk.pl\/itp\/wp-content\/plugins\/wpforms-lite\/assets\/images\/submit-spin.svg\",\"contentUrl\":\"https:\/\/best.gdansk.pl\/itp\/wp-content\/plugins\/wpforms-lite\/assets\/images\/submit-spin.svg\"},{\"@type\":\"BreadcrumbList\",\"@id\":\"https:\/\/best.gdansk.pl\/itp\/contact\/#breadcrumb\",\"itemListElement\":[{\"@type\":\"ListItem\",\"position\":1,\"name\":\"Strona g\u0142\u00f3wna\",\"item\":\"https:\/\/best.gdansk.pl\/itp\/\"},{\"@type\":\"ListItem\",\"position\":2,\"name\":\"Contact\"}]},{\"@type\":\"WebSite\",\"@id\":\"https:\/\/best.gdansk.pl\/itp\/#website\",\"url\":\"https:\/\/best.gdansk.pl\/itp\/\",\"name\":\"In\u017cynierskie Targi Pracy 2026\",\"description\":\"\",\"publisher\":{\"@id\":\"https:\/\/best.gdansk.pl\/itp\/#organization\"},\"potentialAction\":[{\"@type\":\"SearchAction\",\"target\":{\"@type\":\"EntryPoint\",\"urlTemplate\":\"https:\/\/best.gdansk.pl\/itp\/?s={search_term_string}\"},\"query-input\":{\"@type\":\"PropertyValueSpecification\",\"valueRequired\":true,\"valueName\":\"search_term_string\"}}],\"inLanguage\":\"pl-PL\"},{\"@type\":\"Organization\",\"@id\":\"https:\/\/best.gdansk.pl\/itp\/#organization\",\"name\":\"Stowarzyszenie Student\u00f3w BEST Gda\u0144sk\",\"url\":\"https:\/\/best.gdansk.pl\/itp\/\",\"logo\":{\"@type\":\"ImageObject\",\"inLanguage\":\"pl-PL\",\"@id\":\"https:\/\/best.gdansk.pl\/itp\/#\/schema\/logo\/image\/\",\"url\":\"https:\/\/best.gdansk.pl\/itp\/wp-content\/uploads\/itp_logo_small.png\",\"contentUrl\":\"https:\/\/best.gdansk.pl\/itp\/wp-content\/uploads\/itp_logo_small.png\",\"width\":903,\"height\":316,\"caption\":\"Stowarzyszenie Student\u00f3w BEST Gda\u0144sk\"},\"image\":{\"@id\":\"https:\/\/best.gdansk.pl\/itp\/#\/schema\/logo\/image\/\"},\"sameAs\":[\"https:\/\/www.facebook.com\/BESTGdansk\",\"https:\/\/www.instagram.com\/bestgdansk\/\",\"https:\/\/www.linkedin.com\/showcase\/in\u017cynierskietargipracy\"]}]}<\/script>\n<!-- \/ Yoast SEO plugin. -->","yoast_head_json":{"title":"Contact - In\u017cynierskie Targi Pracy 2026","robots":{"index":"index","follow":"follow","max-snippet":"max-snippet:-1","max-image-preview":"max-image-preview:large","max-video-preview":"max-video-preview:-1"},"canonical":"https:\/\/best.gdansk.pl\/itp\/contact\/","og_locale":"pl_PL","og_type":"article","og_title":"Contact - In\u017cynierskie Targi Pracy 2026","og_description":"Napisz do nas Jeste\u015bmy tu, aby Ci pom\u00f3c! Skontaktuj si\u0119 z nami, je\u015bli masz jakiekolwiek pytania lub uwagi. Aby wype\u0142ni\u0107 ten formularz, w\u0142\u0105cz obs\u0142ug\u0119 JavaScript w przegl\u0105darce.Aby wype\u0142ni\u0107 ten formularz, w\u0142\u0105cz obs\u0142ug\u0119 JavaScript w przegl\u0105darce.Your Name and Surname *Your phone *Your email *Subject *Message Send Message Nasza lokalizacja Dane kontaktowe Adres ul. Siedlicka 4\/303, 80-222 [&hellip;]","og_url":"https:\/\/best.gdansk.pl\/itp\/contact\/","og_site_name":"In\u017cynierskie Targi Pracy 2026","article_publisher":"https:\/\/www.facebook.com\/BESTGdansk","article_modified_time":"2025-11-30T11:55:30+00:00","og_image":[{"url":"https:\/\/best.gdansk.pl\/itp\/wp-content\/plugins\/wpforms-lite\/assets\/images\/submit-spin.svg","type":"","width":"","height":""}],"twitter_card":"summary_large_image","schema":{"@context":"https:\/\/schema.org","@graph":[{"@type":"WebPage","@id":"https:\/\/best.gdansk.pl\/itp\/contact\/","url":"https:\/\/best.gdansk.pl\/itp\/contact\/","name":"Contact - In\u017cynierskie Targi Pracy 2026","isPartOf":{"@id":"https:\/\/best.gdansk.pl\/itp\/#website"},"primaryImageOfPage":{"@id":"https:\/\/best.gdansk.pl\/itp\/contact\/#primaryimage"},"image":{"@id":"https:\/\/best.gdansk.pl\/itp\/contact\/#primaryimage"},"thumbnailUrl":"https:\/\/best.gdansk.pl\/itp\/wp-content\/plugins\/wpforms-lite\/assets\/images\/submit-spin.svg","datePublished":"2025-10-19T11:41:51+00:00","dateModified":"2025-11-30T11:55:30+00:00","breadcrumb":{"@id":"https:\/\/best.gdansk.pl\/itp\/contact\/#breadcrumb"},"inLanguage":"pl-PL","potentialAction":[{"@type":"ReadAction","target":["https:\/\/best.gdansk.pl\/itp\/contact\/"]}]},{"@type":"ImageObject","inLanguage":"pl-PL","@id":"https:\/\/best.gdansk.pl\/itp\/contact\/#primaryimage","url":"https:\/\/best.gdansk.pl\/itp\/wp-content\/plugins\/wpforms-lite\/assets\/images\/submit-spin.svg","contentUrl":"https:\/\/best.gdansk.pl\/itp\/wp-content\/plugins\/wpforms-lite\/assets\/images\/submit-spin.svg"},{"@type":"BreadcrumbList","@id":"https:\/\/best.gdansk.pl\/itp\/contact\/#breadcrumb","itemListElement":[{"@type":"ListItem","position":1,"name":"Strona g\u0142\u00f3wna","item":"https:\/\/best.gdansk.pl\/itp\/"},{"@type":"ListItem","position":2,"name":"Contact"}]},{"@type":"WebSite","@id":"https:\/\/best.gdansk.pl\/itp\/#website","url":"https:\/\/best.gdansk.pl\/itp\/","name":"In\u017cynierskie Targi Pracy 2026","description":"","publisher":{"@id":"https:\/\/best.gdansk.pl\/itp\/#organization"},"potentialAction":[{"@type":"SearchAction","target":{"@type":"EntryPoint","urlTemplate":"https:\/\/best.gdansk.pl\/itp\/?s={search_term_string}"},"query-input":{"@type":"PropertyValueSpecification","valueRequired":true,"valueName":"search_term_string"}}],"inLanguage":"pl-PL"},{"@type":"Organization","@id":"https:\/\/best.gdansk.pl\/itp\/#organization","name":"Stowarzyszenie Student\u00f3w BEST Gda\u0144sk","url":"https:\/\/best.gdansk.pl\/itp\/","logo":{"@type":"ImageObject","inLanguage":"pl-PL","@id":"https:\/\/best.gdansk.pl\/itp\/#\/schema\/logo\/image\/","url":"https:\/\/best.gdansk.pl\/itp\/wp-content\/uploads\/itp_logo_small.png","contentUrl":"https:\/\/best.gdansk.pl\/itp\/wp-content\/uploads\/itp_logo_small.png","width":903,"height":316,"caption":"Stowarzyszenie Student\u00f3w BEST Gda\u0144sk"},"image":{"@id":"https:\/\/best.gdansk.pl\/itp\/#\/schema\/logo\/image\/"},"sameAs":["https:\/\/www.facebook.com\/BESTGdansk","https:\/\/www.instagram.com\/bestgdansk\/","https:\/\/www.linkedin.com\/showcase\/in\u017cynierskietargipracy"]}]}},"_links":{"self":[{"href":"https:\/\/best.gdansk.pl\/itp\/wp-json\/wp\/v2\/pages\/2487","targetHints":{"allow":["GET"]}}],"collection":[{"href":"https:\/\/best.gdansk.pl\/itp\/wp-json\/wp\/v2\/pages"}],"about":[{"href":"https:\/\/best.gdansk.pl\/itp\/wp-json\/wp\/v2\/types\/page"}],"author":[{"embeddable":true,"href":"https:\/\/best.gdansk.pl\/itp\/wp-json\/wp\/v2\/users\/1"}],"replies":[{"embeddable":true,"href":"https:\/\/best.gdansk.pl\/itp\/wp-json\/wp\/v2\/comments?post=2487"}],"version-history":[{"count":82,"href":"https:\/\/best.gdansk.pl\/itp\/wp-json\/wp\/v2\/pages\/2487\/revisions"}],"predecessor-version":[{"id":3276,"href":"https:\/\/best.gdansk.pl\/itp\/wp-json\/wp\/v2\/pages\/2487\/revisions\/3276"}],"wp:attachment":[{"href":"https:\/\/best.gdansk.pl\/itp\/wp-json\/wp\/v2\/media?parent=2487"}],"curies":[{"name":"wp","href":"https:\/\/api.w.org\/{rel}","templated":true}]}}